{"id":65,"date":"2026-03-16T16:03:03","date_gmt":"2026-03-16T16:03:03","guid":{"rendered":"https:\/\/kaarinanristiritarit.fi\/?page_id=65"},"modified":"2026-03-17T13:05:22","modified_gmt":"2026-03-17T13:05:22","slug":"lippukunanjohtajat","status":"publish","type":"page","link":"https:\/\/kaarinanristiritarit.fi\/?page_id=65","title":{"rendered":"Lippukunnanjohtajat"},"content":{"rendered":"<p>&nbsp;<\/p>\n<table class=\" aligncenter\">\n<tbody>\n<tr>\n<td style=\"text-align: center;\">1950\u20131952<\/td>\n<td>Martti Parvio<\/td>\n<\/tr>\n<tr>\n<td>1953\u20131962<\/td>\n<td>Eero Parvio<\/td>\n<\/tr>\n<tr>\n<td>1963\u20131966<\/td>\n<td>Urho Harkola<\/td>\n<\/tr>\n<tr>\n<td>1967\u20131971<\/td>\n<td>Jukka Suotmaa<\/td>\n<\/tr>\n<tr>\n<td>1971\u20131973<\/td>\n<td>Hannu Uusiniemi<\/td>\n<\/tr>\n<tr>\n<td>1973\u20131985<\/td>\n<td>Pentti &#8221;Bunha&#8221; Gr\u00f6nroos<\/td>\n<\/tr>\n<tr>\n<td>1985\u20131988<\/td>\n<td>Teemu Helin<\/td>\n<\/tr>\n<tr>\n<td>1989\u20131992<\/td>\n<td>Pekka Luoto<\/td>\n<\/tr>\n<tr>\n<td>1992\u20132003<\/td>\n<td>Mikko &#8221;Gene&#8221; Lehtinen<\/td>\n<\/tr>\n<tr>\n<td>2004\u20132007<\/td>\n<td>Mika Kuusisto<\/td>\n<\/tr>\n<tr>\n<td>2008<\/td>\n<td>Juho Toivola<\/td>\n<\/tr>\n<tr>\n<td>2009\u20132016<\/td>\n<td>Sakari &#8221;Sakke&#8221; Warro<\/td>\n<\/tr>\n<tr>\n<td>2017\u20132025<\/td>\n<td>Mikko Lindfors<\/td>\n<\/tr>\n<tr>\n<td>2026\u2013<\/td>\n<td>Juho N\u00e4s\u00e4nen<\/td>\n<\/tr>\n<\/tbody>\n<\/table>\n<p>&nbsp;<\/p>\n<p style=\"text-align: center;\">Juhon kohtalo viel\u00e4 p\u00e4\u00e4tt\u00e4m\u00e4tt\u00e4.<\/p>\n","protected":false},"excerpt":{"rendered":"<p>&nbsp; 1950\u20131952 Martti Parvio 1953\u20131962 Eero Parvio 1963\u20131966 Urho Harkola 1967\u20131971 Jukka Suotmaa 1971\u20131973 Hannu Uusiniemi 1973\u20131985 Pentti &#8221;Bunha&#8221; Gr\u00f6nroos 1985\u20131988 Teemu Helin 1989\u20131992 Pekka Luoto 1992\u20132003 Mikko &#8221;Gene&#8221; Lehtinen 2004\u20132007 Mika Kuusisto 2008 Juho Toivola 2009\u20132016 Sakari &#8221;Sakke&#8221; Warro 2017\u20132025 Mikko Lindfors 2026\u2013 Juho N\u00e4s\u00e4nen &nbsp; Juhon kohtalo viel\u00e4 p\u00e4\u00e4tt\u00e4m\u00e4tt\u00e4.<\/p>\n","protected":false},"author":4,"featured_media":0,"parent":0,"menu_order":0,"comment_status":"closed","ping_status":"closed","template":"","meta":{"footnotes":""},"class_list":["post-65","page","type-page","status-publish","hentry"],"_links":{"self":[{"href":"https:\/\/kaarinanristiritarit.fi\/index.php?rest_route=\/wp\/v2\/pages\/65","targetHints":{"allow":["GET"]}}],"collection":[{"href":"https:\/\/kaarinanristiritarit.fi\/index.php?rest_route=\/wp\/v2\/pages"}],"about":[{"href":"https:\/\/kaarinanristiritarit.fi\/index.php?rest_route=\/wp\/v2\/types\/page"}],"author":[{"embeddable":true,"href":"https:\/\/kaarinanristiritarit.fi\/index.php?rest_route=\/wp\/v2\/users\/4"}],"replies":[{"embeddable":true,"href":"https:\/\/kaarinanristiritarit.fi\/index.php?rest_route=%2Fwp%2Fv2%2Fcomments&post=65"}],"version-history":[{"count":14,"href":"https:\/\/kaarinanristiritarit.fi\/index.php?rest_route=\/wp\/v2\/pages\/65\/revisions"}],"predecessor-version":[{"id":136,"href":"https:\/\/kaarinanristiritarit.fi\/index.php?rest_route=\/wp\/v2\/pages\/65\/revisions\/136"}],"wp:attachment":[{"href":"https:\/\/kaarinanristiritarit.fi\/index.php?rest_route=%2Fwp%2Fv2%2Fmedia&parent=65"}],"curies":[{"name":"wp","href":"https:\/\/api.w.org\/{rel}","templated":true}]}}