{"id":21,"date":"2026-03-15T16:45:50","date_gmt":"2026-03-15T16:45:50","guid":{"rendered":"https:\/\/kaarinanristiritarit.fi\/?page_id=21"},"modified":"2026-03-16T16:15:59","modified_gmt":"2026-03-16T16:15:59","slug":"tapahtumakalenteri","status":"publish","type":"page","link":"https:\/\/kaarinanristiritarit.fi\/?page_id=21","title":{"rendered":"Tapahtumakalenteri"},"content":{"rendered":"<p>T\u00e4n\u00e4 vuonna meill\u00e4 ja muilla tapahtuu!<\/p>\n<p>&nbsp;<\/p>\n<table dir=\"ltr\" border=\"1\" cellspacing=\"0\" cellpadding=\"0\" data-sheets-root=\"1\" data-sheets-baot=\"1\">\n<colgroup>\n<col width=\"250\" \/>\n<col width=\"360\" \/><\/colgroup>\n<tbody>\n<tr>\n<td>Maaliskuu<\/td>\n<td><\/td>\n<\/tr>\n<tr>\n<td>1.3.<\/td>\n<td>Luottiskoulutus<\/td>\n<\/tr>\n<tr>\n<td>3.3.<\/td>\n<td>PJN<\/td>\n<\/tr>\n<tr>\n<td>3.3.<\/td>\n<td>Antirasismikoulutus, Suomen Partiolaiset<\/td>\n<\/tr>\n<tr>\n<td>7.-8.3.<\/td>\n<td>Talvi-SM-kisat &#8221;Otto&#8221; Tampereella, H\u00e4meen Partiopiiri<\/td>\n<\/tr>\n<tr>\n<td>13.-15.3<\/td>\n<td>Retkeilykoulutus (ET1)<\/td>\n<\/tr>\n<tr>\n<td>13.-15.3<\/td>\n<td>Muonituskurssi<\/td>\n<\/tr>\n<tr>\n<td>15.3.<\/td>\n<td>Akelakoulutus, osa 1\/2<\/td>\n<\/tr>\n<tr>\n<td>17.3.<\/td>\n<td>Johtokolmikoiden Teams-ilta, Suomen Partiolaiset<\/td>\n<\/tr>\n<tr>\n<td>19.3.<\/td>\n<td>Johtokolmikkoillallinen, etel\u00e4<\/td>\n<\/tr>\n<tr>\n<td>27.-29.3.<\/td>\n<td>PJPK I\/26, osa 2\/2<\/td>\n<\/tr>\n<tr>\n<td>28.3.<\/td>\n<td>Tarpojien taitop\u00e4iv\u00e4 &#8221;Leirilarppi&#8221;<\/td>\n<\/tr>\n<tr>\n<td>29.3.<\/td>\n<td>Akelakoulutus, osa 2\/2<\/td>\n<\/tr>\n<tr>\n<td>28.3.-29.3.<\/td>\n<td>Nuori Mieli -koulutus<\/td>\n<\/tr>\n<tr>\n<td>31.3.<\/td>\n<td>LPK kev\u00e4tkokous<\/td>\n<\/tr>\n<tr>\n<td>Kuun viimeinen torstai<\/td>\n<td>KK-cafe<\/td>\n<\/tr>\n<\/tbody>\n<\/table>\n<p>&nbsp;<\/p>\n<table dir=\"ltr\" border=\"1\" cellspacing=\"0\" cellpadding=\"0\" data-sheets-root=\"1\" data-sheets-baot=\"1\">\n<colgroup>\n<col width=\"250\" \/>\n<col width=\"360\" \/><\/colgroup>\n<tbody>\n<tr>\n<td>Huhtikuu<\/td>\n<td><\/td>\n<\/tr>\n<tr>\n<td>7.4.<\/td>\n<td>PJN<\/td>\n<\/tr>\n<tr>\n<td>9.4.<\/td>\n<td>MasterChef Mysterybox -vaeltajatapahtuma<\/td>\n<\/tr>\n<tr>\n<td>11.4.<\/td>\n<td>Kev\u00e4t- ja seikkailijakisa &#8221;Laudalla26&#8221;, Etel\u00e4-Turun alue<\/td>\n<\/tr>\n<tr>\n<td>12.4.<\/td>\n<td>Piirin kev\u00e4tkokous<\/td>\n<\/tr>\n<tr>\n<td>15.4.<\/td>\n<td>Er\u00e4taitovihjarit<\/td>\n<\/tr>\n<tr>\n<td>18.-19.4.<\/td>\n<td>Ensiavun peruskurssi<\/td>\n<\/tr>\n<tr>\n<td>18.-19.4.<\/td>\n<td>Sisujohtajakoulutus, Suomen Partiolaiset<\/td>\n<\/tr>\n<tr>\n<td>23.4.<\/td>\n<td>\n<div>\n<div>Partiolaisten suojelupyhimyksen Pyh\u00e4n Yrj\u00f6n p\u00e4iv\u00e4 + lupauksenanto<\/div>\n<\/div>\n<\/td>\n<\/tr>\n<tr>\n<td>19.4.<\/td>\n<td>Sudenpentukilpailu &#8221;Kaikki mukaan&#8221;, Maarian Partioyhtym\u00e4 -alue<\/td>\n<\/tr>\n<tr>\n<td>20.-26.4.<\/td>\n<td>Partioviikko<\/td>\n<\/tr>\n<tr>\n<td>26.4.<\/td>\n<td>Partioparaati<\/td>\n<\/tr>\n<tr>\n<td>Kuun viimeinen torstai<\/td>\n<td>KK-cafe<\/td>\n<\/tr>\n<\/tbody>\n<\/table>\n<p>&nbsp;<\/p>\n<table dir=\"ltr\" border=\"1\" cellspacing=\"0\" cellpadding=\"0\" data-sheets-root=\"1\" data-sheets-baot=\"1\">\n<colgroup>\n<col width=\"250\" \/>\n<col width=\"360\" \/><\/colgroup>\n<tbody>\n<tr>\n<td>Toukokuu<\/td>\n<td><\/td>\n<\/tr>\n<tr>\n<td>3.5.<\/td>\n<td>Aikuisten tapahtuma: P\u00e4iv\u00e4retki Teijon kansallispuistoon<\/td>\n<\/tr>\n<tr>\n<td>5.5.<\/td>\n<td>PJN<\/td>\n<\/tr>\n<tr>\n<td>5.5.<\/td>\n<td>PJPK III\/2026, ennakkoilta<\/td>\n<\/tr>\n<tr>\n<td>9.5.<\/td>\n<td>Nahkalilja\/tarpojasiirtym\u00e4<\/td>\n<\/tr>\n<tr>\n<td>8-9.5.<\/td>\n<td>Selviytyj\u00e4t-vaeltajatapahtuma<\/td>\n<\/tr>\n<tr>\n<td>9.-10.5.<\/td>\n<td>Kohtaus, Suomen Partiolaiset<\/td>\n<\/tr>\n<tr>\n<td>15.-17.5.<\/td>\n<td>Survival-kurssi (ET3)<\/td>\n<\/tr>\n<tr>\n<td>16.5.<\/td>\n<td>Aikuisten tapahtuma: Merellinen retki Seiliin<\/td>\n<\/tr>\n<tr>\n<td>16.5.<\/td>\n<td>Kev\u00e4t-SM-kisat Kuopiossa, J\u00e4rvi-Suomen Partiolaiset<\/td>\n<\/tr>\n<tr>\n<td>19.5.<\/td>\n<td>Lyhty-kokous<\/td>\n<\/tr>\n<tr>\n<td>22.-24.5.<\/td>\n<td>PJPK II\/2026, osa 2\/2<\/td>\n<\/tr>\n<tr>\n<td>22.-24.5.<\/td>\n<td>PJPK III\/2026, osa 1\/2<\/td>\n<\/tr>\n<tr>\n<td>22.-24.5.<\/td>\n<td>Leirimajakka &#8221;Forum Tarpojanum Romanum&#8221;<\/td>\n<\/tr>\n<tr>\n<td>22.-24.5.<\/td>\n<td>Manse\u00c4ss\u00e4<\/td>\n<\/tr>\n<tr>\n<td>Kuun viimeinen torstai<\/td>\n<td>KK-cafe<\/td>\n<\/tr>\n<\/tbody>\n<\/table>\n<p>&nbsp;<\/p>\n<table dir=\"ltr\" border=\"1\" cellspacing=\"0\" cellpadding=\"0\" data-sheets-root=\"1\" data-sheets-baot=\"1\">\n<colgroup>\n<col width=\"250\" \/>\n<col width=\"360\" \/><\/colgroup>\n<tbody>\n<tr>\n<td>Kes\u00e4kuu<\/td>\n<td><\/td>\n<\/tr>\n<tr>\n<td>4.-7.6.<\/td>\n<td>Sudenpentujen kes\u00e4leiri<\/td>\n<\/tr>\n<tr>\n<td>13.-14.6.<\/td>\n<td>Jukolanviesti<\/td>\n<\/tr>\n<tr>\n<td>26.-28.6.<\/td>\n<td>Mets\u00c4ss\u00e4 2.0<\/td>\n<\/tr>\n<tr>\n<td>27.-28.6.<\/td>\n<td>VaeltajaJazz<\/td>\n<\/tr>\n<\/tbody>\n<\/table>\n<p>&nbsp;<\/p>\n<table dir=\"ltr\" border=\"1\" cellspacing=\"0\" cellpadding=\"0\" data-sheets-root=\"1\" data-sheets-baot=\"1\">\n<colgroup>\n<col width=\"250\" \/>\n<col width=\"360\" \/><\/colgroup>\n<tbody>\n<tr>\n<td>Hein\u00e4kuu<\/td>\n<td><\/td>\n<\/tr>\n<tr>\n<td>3.-8.7.<\/td>\n<td>Piirileiri Momentumin rakennusleiri<\/td>\n<\/tr>\n<tr>\n<td>9.-17.7.<\/td>\n<td>Piirileiri Momentum<\/td>\n<\/tr>\n<tr>\n<td>18.-21.7.<\/td>\n<td>Piirileiri Momentumin purkuleiri<\/td>\n<\/tr>\n<tr>\n<td><\/td>\n<td>PJPK IV\/2026, osa 1 (Momentumilla)<\/td>\n<\/tr>\n<tr>\n<td><\/td>\n<td>Luotsikoulutus (Momentumilla)<\/td>\n<\/tr>\n<\/tbody>\n<\/table>\n<p>&nbsp;<\/p>\n<table dir=\"ltr\" border=\"1\" cellspacing=\"0\" cellpadding=\"0\" data-sheets-root=\"1\" data-sheets-baot=\"1\">\n<colgroup>\n<col width=\"250\" \/>\n<col width=\"360\" \/><\/colgroup>\n<tbody>\n<tr>\n<td>Elokuu<\/td>\n<td><\/td>\n<\/tr>\n<tr>\n<td>11.8.<\/td>\n<td>PJN, syksyn suunnittelu<\/td>\n<\/tr>\n<tr>\n<td>12.8.<\/td>\n<td>Sukellus seikkailijaohjelmaan<\/td>\n<\/tr>\n<tr>\n<td>12.8.<\/td>\n<td>Johtamisteht\u00e4v\u00e4ohjaajakoulutus<\/td>\n<\/tr>\n<tr>\n<td>14.-16.8.<\/td>\n<td>Survival-kurssi (ET3)<\/td>\n<\/tr>\n<tr>\n<td>14.-16.8<\/td>\n<td>Kisakes\u00c4ss\u00e4<\/td>\n<\/tr>\n<tr>\n<td>18.8.<\/td>\n<td>Syksyn aloituskokous<\/td>\n<\/tr>\n<tr>\n<td>18.8.<\/td>\n<td>Valtakunnallinen huoltajailta (tulkattu), Suomen Partiolaiset<\/td>\n<\/tr>\n<tr>\n<td>19.8.<\/td>\n<td>Valtakunnallinen huoltajailta (tulkattu), Suomen Partiolaiset<\/td>\n<\/tr>\n<tr>\n<td>24.8.<\/td>\n<td>Purjehdus\u00c4ss\u00e4, Turku<\/td>\n<\/tr>\n<tr>\n<td>29.-30.8.<\/td>\n<td>Aikuisten tapahtuma: Revontulet II<\/td>\n<\/tr>\n<tr>\n<td>29.-30.8.<\/td>\n<td>Vaellusmelontakombo-vaeltajatapahtuma<\/td>\n<\/tr>\n<tr>\n<td>Kuun viimeinen torstai<\/td>\n<td>KK-cafe<\/td>\n<\/tr>\n<\/tbody>\n<\/table>\n<p>&nbsp;<\/p>\n<table dir=\"ltr\" border=\"1\" cellspacing=\"0\" cellpadding=\"0\" data-sheets-root=\"1\" data-sheets-baot=\"1\">\n<colgroup>\n<col width=\"250\" \/>\n<col width=\"360\" \/><\/colgroup>\n<tbody>\n<tr>\n<td>Syyskuu<\/td>\n<td><\/td>\n<\/tr>\n<tr>\n<td>1.9.<\/td>\n<td>PJN<\/td>\n<\/tr>\n<tr>\n<td>2.9.<\/td>\n<td>Suuri avajaisiltanuotio, Turun Partiolaiset<\/td>\n<\/tr>\n<tr>\n<td>5.9.<\/td>\n<td>Aikuisten tapahtuma: Talkoop\u00e4iv\u00e4 El\u00e4insuojelukeskus Tuulisp\u00e4\u00e4ss\u00e4<\/td>\n<\/tr>\n<tr>\n<td>5.-6.9.<\/td>\n<td>Piirin syyskisat, Salon alue<\/td>\n<\/tr>\n<tr>\n<td>5.-6.9.<\/td>\n<td>PJPK V\/26, osa 1\/3<\/td>\n<\/tr>\n<tr>\n<td>7.9.<\/td>\n<td>PJPK VI, ennakkoilta<\/td>\n<\/tr>\n<tr>\n<td>8.9.<\/td>\n<td>Purjehdus\u00c4ss\u00e4<\/td>\n<\/tr>\n<tr>\n<td>10.9.<\/td>\n<td>Sukellus sudenpentuohjelmaan<\/td>\n<\/tr>\n<tr>\n<td>11.-13.9.<\/td>\n<td>Koulutusfestarit: akela-, sampo- ja luotsikoulutukset, johtokolmikkokoulutukset<\/td>\n<\/tr>\n<tr>\n<td>12.9.<\/td>\n<td>ROKKK-koulutus (koulutusfestareilla)<\/td>\n<\/tr>\n<tr>\n<td>11.-13.9.<\/td>\n<td>PJPK III\/26, osa 2\/2<\/td>\n<\/tr>\n<tr>\n<td>12.9.<\/td>\n<td>Seikkailijoiden kaupunkiretkip\u00e4iv\u00e4<\/td>\n<\/tr>\n<tr>\n<td>13.9.<\/td>\n<td>P\u00e4iv\u00c4ss\u00e4<\/td>\n<\/tr>\n<tr>\n<td>16.9.<\/td>\n<td>Tervetuloa partioon -koulutus<\/td>\n<\/tr>\n<tr>\n<td>18.-20.9.<\/td>\n<td>PJPK VI\/26, osa 1\/2<\/td>\n<\/tr>\n<tr>\n<td>18.-20.9.<\/td>\n<td>Retkeilykoulutus (ET1)<\/td>\n<\/tr>\n<tr>\n<td>18.-20.9.<\/td>\n<td>Y-trainee, osa 1\/2, Suomen Partiolaiset<\/td>\n<\/tr>\n<tr>\n<td>25.-27.9.<\/td>\n<td>Satu\u00c4ssis, osa 1\/2<\/td>\n<\/tr>\n<tr>\n<td>26.9.<\/td>\n<td>Tarpojien et\u00e4tapahtuma &#8221;K\u00e4tyri maailmalla&#8221;<\/td>\n<\/tr>\n<tr>\n<td>26.9.<\/td>\n<td>PJPK IV\/26, osa 2\/2<\/td>\n<\/tr>\n<tr>\n<td>30.9.<\/td>\n<td>Aikuisten tapahtuma: Prohtaus<\/td>\n<\/tr>\n<tr>\n<td>Kuun viimeinen torstai<\/td>\n<td>KK-cafe<\/td>\n<\/tr>\n<tr>\n<td><\/td>\n<td>Kymmenys ROK \/ Ritari ROK<\/td>\n<\/tr>\n<\/tbody>\n<\/table>\n<p>&nbsp;<\/p>\n<table dir=\"ltr\" border=\"1\" cellspacing=\"0\" cellpadding=\"0\" data-sheets-root=\"1\" data-sheets-baot=\"1\">\n<colgroup>\n<col width=\"250\" \/>\n<col width=\"360\" \/><\/colgroup>\n<tbody>\n<tr>\n<td>Lokakuu<\/td>\n<td><\/td>\n<\/tr>\n<tr>\n<td>2.-4.10.<\/td>\n<td>Muonituksen tulevaisuus -seminaari<\/td>\n<\/tr>\n<tr>\n<td>3.10.<\/td>\n<td>H\u00e4t\u00e4ensiapukurssi<\/td>\n<\/tr>\n<tr>\n<td>3.-4.10.<\/td>\n<td>Ensiavun peruskurssi<\/td>\n<\/tr>\n<tr>\n<td>3.-4.10.<\/td>\n<td>Syys-SM-kilpailu &#8221;Str\u00f6mmen&#8221; Vaasassa, Pohjanmaan Partiolaiset<\/td>\n<\/tr>\n<tr>\n<td>3.-4.10.<\/td>\n<td>Leikkikurssi<\/td>\n<\/tr>\n<tr>\n<td>3.-4.10.<\/td>\n<td>Normitietoisen johtajuuden koulutus, Suomen Partiolaiset<\/td>\n<\/tr>\n<tr>\n<td>6.10.<\/td>\n<td>PJN<\/td>\n<\/tr>\n<tr>\n<td>7.10.<\/td>\n<td>Ansiomerkkikoulutus<\/td>\n<\/tr>\n<tr>\n<td>8.10.<\/td>\n<td>Y\u00f6suunnistuskisa, Saviseudun alue<\/td>\n<\/tr>\n<tr>\n<td>9.-11.10.<\/td>\n<td>Vaelluskoulutus (ET2)<\/td>\n<\/tr>\n<tr>\n<td>2.-4.10.<\/td>\n<td>Sydenpentujen syysretki<\/td>\n<\/tr>\n<tr>\n<td>10.-11.10.<\/td>\n<td>PJPK V\/26, osa 2\/3<\/td>\n<\/tr>\n<tr>\n<td>15.10.<\/td>\n<td>Vaeltajien Savipaja<\/td>\n<\/tr>\n<tr>\n<td>15.-17.10.<\/td>\n<td>JOTA-JOTI, Suomen Partiolaiset<\/td>\n<\/tr>\n<tr>\n<td>17.10.<\/td>\n<td>Aikuisten tapahtuma: Linturetki Koskelj\u00e4rvelle<\/td>\n<\/tr>\n<tr>\n<td>18.10.<\/td>\n<td>Lippukunnan viestint\u00e4koulutus<\/td>\n<\/tr>\n<tr>\n<td>25.10.<\/td>\n<td>Piirin syyskokous<\/td>\n<\/tr>\n<tr>\n<td>30.10.-1.11.<\/td>\n<td>Satu\u00c4ssis, osa 2\/2<\/td>\n<\/tr>\n<tr>\n<td>Kuun viimeinen torstai<\/td>\n<td>KK-cafe<\/td>\n<\/tr>\n<tr>\n<td><\/td>\n<td>Lyhty-kokous<\/td>\n<\/tr>\n<\/tbody>\n<\/table>\n<p>&nbsp;<\/p>\n<table dir=\"ltr\" border=\"1\" cellspacing=\"0\" cellpadding=\"0\" data-sheets-root=\"1\" data-sheets-baot=\"1\">\n<colgroup>\n<col width=\"250\" \/>\n<col width=\"360\" \/><\/colgroup>\n<tbody>\n<tr>\n<td>Marraskuu<\/td>\n<td><\/td>\n<\/tr>\n<tr>\n<td>3.11.<\/td>\n<td>PJN<\/td>\n<\/tr>\n<tr>\n<td>4.11.<\/td>\n<td>Aikuisten tapahtuma: Retki avaruuspuisto V\u00e4is\u00e4l\u00e4\u00e4n<\/td>\n<\/tr>\n<tr>\n<td>6.-8.11.<\/td>\n<td>Y-trainee, osa 2\/2, Suomen Partiolaiset<\/td>\n<\/tr>\n<tr>\n<td>6.-8.11.<\/td>\n<td>Pelastautumiskurssi, Suomen Partiolaiset<\/td>\n<\/tr>\n<tr>\n<td>6.-7.11.<\/td>\n<td>Rastip\u00e4\u00e4llikk\u00f6koulutus<\/td>\n<\/tr>\n<tr>\n<td>7.-8.11.<\/td>\n<td>J\u00e4rjestelytoimikuntakoulutus<\/td>\n<\/tr>\n<tr>\n<td>7.11.<\/td>\n<td>Luottiskoulutus<\/td>\n<\/tr>\n<tr>\n<td>7.11.<\/td>\n<td>Akelavihjarit<\/td>\n<\/tr>\n<tr>\n<td>9.11.<\/td>\n<td>Er\u00e4taitovihjarit<\/td>\n<\/tr>\n<tr>\n<td>13.-15.11.<\/td>\n<td>Lippukuntien talous- ja hallintokoulutus<\/td>\n<\/tr>\n<tr>\n<td>19.11.<\/td>\n<td>Johtokolmikoiden Teams-ilta, Suomen Partiolaiset<\/td>\n<\/tr>\n<tr>\n<td>21.-22.11.<\/td>\n<td>Ensiavun peruskurssi<\/td>\n<\/tr>\n<tr>\n<td>21.-22.11.<\/td>\n<td>Bilett\u00e4m\u00c4ss\u00e4<\/td>\n<\/tr>\n<tr>\n<td>20.-22.11.<\/td>\n<td>Partiokouluttajakoulutus<\/td>\n<\/tr>\n<tr>\n<td>21.-22.11.<\/td>\n<td>Yhteiskuntamajakka &#8221;The Last of Tarpojat&#8221;<\/td>\n<\/tr>\n<tr>\n<td>24.11.<\/td>\n<td>LPK syyskokous<\/td>\n<\/tr>\n<tr>\n<td>Kuun viimeinen torstai<\/td>\n<td>KK-cafe<\/td>\n<\/tr>\n<\/tbody>\n<\/table>\n<p>&nbsp;<\/p>\n<table dir=\"ltr\" border=\"1\" cellspacing=\"0\" cellpadding=\"0\" data-sheets-root=\"1\" data-sheets-baot=\"1\">\n<colgroup>\n<col width=\"250\" \/>\n<col width=\"360\" \/><\/colgroup>\n<tbody>\n<tr>\n<td>Joulukuu<\/td>\n<td><\/td>\n<\/tr>\n<tr>\n<td>1.12.<\/td>\n<td>PJN<\/td>\n<\/tr>\n<tr>\n<td>6.12.<\/td>\n<td>Joulutori<\/td>\n<\/tr>\n<tr>\n<td>11.-13.12.<\/td>\n<td>PJPK VI\/26, osa 2\/2<\/td>\n<\/tr>\n<tr>\n<td>12.12.<\/td>\n<td>Joulujuhla<\/td>\n<\/tr>\n<tr>\n<td>13.12.<\/td>\n<td>Joulumiel\u00c4ss\u00e4<\/td>\n<\/tr>\n<tr>\n<td><\/td>\n<td>Partiolaisten kauneimmat joululaulut, Turun Partiolaiset<\/td>\n<\/tr>\n<tr>\n<td><\/td>\n<td>Hautakynttil\u00e4talkoot<\/td>\n<\/tr>\n<\/tbody>\n<\/table>\n","protected":false},"excerpt":{"rendered":"<p>T\u00e4n\u00e4 vuonna meill\u00e4 ja muilla tapahtuu! &nbsp; Maaliskuu 1.3. Luottiskoulutus 3.3. PJN 3.3. Antirasismikoulutus, Suomen Partiolaiset 7.-8.3. Talvi-SM-kisat &#8221;Otto&#8221; Tampereella, H\u00e4meen Partiopiiri 13.-15.3 Retkeilykoulutus (ET1) 13.-15.3 Muonituskurssi 15.3. Akelakoulutus, osa 1\/2 17.3. Johtokolmikoiden Teams-ilta, Suomen Partiolaiset 19.3. Johtokolmikkoillallinen, etel\u00e4 27.-29.3. PJPK I\/26, osa 2\/2 28.3. Tarpojien taitop\u00e4iv\u00e4 &#8221;Leirilarppi&#8221; 29.3. Akelakoulutus, osa 2\/2 28.3.-29.3. Nuori Mieli [&hellip;]<\/p>\n","protected":false},"author":1,"featured_media":0,"parent":0,"menu_order":0,"comment_status":"closed","ping_status":"closed","template":"","meta":{"footnotes":""},"class_list":["post-21","page","type-page","status-publish","hentry"],"_links":{"self":[{"href":"https:\/\/kaarinanristiritarit.fi\/index.php?rest_route=\/wp\/v2\/pages\/21","targetHints":{"allow":["GET"]}}],"collection":[{"href":"https:\/\/kaarinanristiritarit.fi\/index.php?rest_route=\/wp\/v2\/pages"}],"about":[{"href":"https:\/\/kaarinanristiritarit.fi\/index.php?rest_route=\/wp\/v2\/types\/page"}],"author":[{"embeddable":true,"href":"https:\/\/kaarinanristiritarit.fi\/index.php?rest_route=\/wp\/v2\/users\/1"}],"replies":[{"embeddable":true,"href":"https:\/\/kaarinanristiritarit.fi\/index.php?rest_route=%2Fwp%2Fv2%2Fcomments&post=21"}],"version-history":[{"count":5,"href":"https:\/\/kaarinanristiritarit.fi\/index.php?rest_route=\/wp\/v2\/pages\/21\/revisions"}],"predecessor-version":[{"id":58,"href":"https:\/\/kaarinanristiritarit.fi\/index.php?rest_route=\/wp\/v2\/pages\/21\/revisions\/58"}],"wp:attachment":[{"href":"https:\/\/kaarinanristiritarit.fi\/index.php?rest_route=%2Fwp%2Fv2%2Fmedia&parent=21"}],"curies":[{"name":"wp","href":"https:\/\/api.w.org\/{rel}","templated":true}]}}