{"id":2,"date":"2026-03-15T15:35:39","date_gmt":"2026-03-15T15:35:39","guid":{"rendered":"https:\/\/kaarinanristiritarit.fi\/?page_id=2"},"modified":"2026-03-18T13:43:25","modified_gmt":"2026-03-18T13:43:25","slug":"sample-page","status":"publish","type":"page","link":"https:\/\/kaarinanristiritarit.fi\/","title":{"rendered":"Kaarinan Ristiritarit"},"content":{"rendered":"<figure id=\"attachment_147\" aria-describedby=\"caption-attachment-147\" style=\"width: 1024px\" class=\"wp-caption aligncenter\"><img loading=\"lazy\" decoding=\"async\" class=\"size-large wp-image-147\" src=\"https:\/\/kaarinanristiritarit.fi\/wp-content\/uploads\/2026\/03\/4.5.2025-02-1024x576.jpg\" alt=\"\" width=\"1024\" height=\"576\" srcset=\"https:\/\/kaarinanristiritarit.fi\/wp-content\/uploads\/2026\/03\/4.5.2025-02-1024x576.jpg 1024w, https:\/\/kaarinanristiritarit.fi\/wp-content\/uploads\/2026\/03\/4.5.2025-02-300x169.jpg 300w, https:\/\/kaarinanristiritarit.fi\/wp-content\/uploads\/2026\/03\/4.5.2025-02-768x432.jpg 768w, https:\/\/kaarinanristiritarit.fi\/wp-content\/uploads\/2026\/03\/4.5.2025-02-1536x864.jpg 1536w, https:\/\/kaarinanristiritarit.fi\/wp-content\/uploads\/2026\/03\/4.5.2025-02.jpg 2048w\" sizes=\"auto, (max-width: 1024px) 100vw, 1024px\" \/><figcaption id=\"caption-attachment-147\" class=\"wp-caption-text\">Kuvaaja: @outimaria_photography<\/figcaption><\/figure>\n<p>&nbsp;<\/p>\n<p>Kaarinan Ristiritarit on Turun Nummenpakalla toimiva partiopoikalippukunta. Alueellisesti j\u00e4senet tulevat ymp\u00e4ri kaupunkia, mutta p\u00e4\u00e4osin Nummen, Hannuniitun, Jaanin ja It\u00e4harjun alueelta. Jos olet kiinnostunut liittym\u00e4\u00e4n mukaan toimintaamme, ota rohkeasti yhteytt\u00e4 lippukunnanjohtajaan.<\/p>\n<p>Etsitk\u00f6 itsellesi tai lapsellesi uutta harrastusta, kavereita tai el\u00e4myksi\u00e4? Partiolaisia on monenlaisia. Toiset pit\u00e4v\u00e4t enemm\u00e4n retkeilyst\u00e4 ja toiset taas kokevat j\u00e4rjest\u00f6teht\u00e4v\u00e4t mielekk\u00e4\u00e4ksi. Kaikkia yhdist\u00e4v\u00e4t arvot ja periaatteet. Tiesitk\u00f6, ett\u00e4 joka viides suomalainen on tai on joskus ollut partiossa. Paras aika liitty\u00e4 mukaan Ristiritarien toimintaan on nyt!<\/p>\n<p>Partiotoimintaa j\u00e4rjestet\u00e4\u00e4n p\u00e4\u00e4osin paikallisissa partiolippukunnissa vapaaehtoisvoimin. Lapsille ja nuorille tarjotaan j\u00e4rjestetty\u00e4 viikkotoimintaa, viikonloppuretki\u00e4 ja leirej\u00e4. Toiminta on suunnattu lapsille ja nuorille, mutta toiminnan mahdollistajiksi tarvitaan my\u00f6s aikuisia. Oma panos voi olla pienen pieni tai ajan k\u00e4yt\u00f6n rajoissa my\u00f6s suuri. Partiotoiminta on kaikille avointa. Partioon voivat liitty\u00e4 kaikki yli 7-vuotiaat, yl\u00e4ik\u00e4rajaa ei ole!<\/p>\n<p>Partio on monipuolinen, el\u00e4myksellinen ja viel\u00e4p\u00e4 hy\u00f6dyllinenkin harrastus. Monia partiossa opittuja taitoja tarvitsee osana arkea. Partio tukee nuoren kasvua ja kannustaa itsens\u00e4 kehitt\u00e4miseen yksil\u00f6n\u00e4 ja ryhm\u00e4n j\u00e4senen\u00e4. Partio tarjoaa nuorille sopivan kokoisia johtamiskokemuksia. Partiossa tutustuu my\u00f6s erilaisiin ihmisiin ja saa elinik\u00e4isi\u00e4 yst\u00e4vyyssuhteita.<\/p>\n","protected":false},"excerpt":{"rendered":"<p>&nbsp; Kaarinan Ristiritarit on Turun Nummenpakalla toimiva partiopoikalippukunta. Alueellisesti j\u00e4senet tulevat ymp\u00e4ri kaupunkia, mutta p\u00e4\u00e4osin Nummen, Hannuniitun, Jaanin ja It\u00e4harjun alueelta. Jos olet kiinnostunut liittym\u00e4\u00e4n mukaan toimintaamme, ota rohkeasti yhteytt\u00e4 lippukunnanjohtajaan. Etsitk\u00f6 itsellesi tai lapsellesi uutta harrastusta, kavereita tai el\u00e4myksi\u00e4? Partiolaisia on monenlaisia. Toiset pit\u00e4v\u00e4t enemm\u00e4n retkeilyst\u00e4 ja toiset taas kokevat j\u00e4rjest\u00f6teht\u00e4v\u00e4t mielekk\u00e4\u00e4ksi. Kaikkia yhdist\u00e4v\u00e4t [&hellip;]<\/p>\n","protected":false},"author":1,"featured_media":0,"parent":0,"menu_order":0,"comment_status":"closed","ping_status":"open","template":"","meta":{"footnotes":""},"class_list":["post-2","page","type-page","status-publish","hentry"],"_links":{"self":[{"href":"https:\/\/kaarinanristiritarit.fi\/index.php?rest_route=\/wp\/v2\/pages\/2","targetHints":{"allow":["GET"]}}],"collection":[{"href":"https:\/\/kaarinanristiritarit.fi\/index.php?rest_route=\/wp\/v2\/pages"}],"about":[{"href":"https:\/\/kaarinanristiritarit.fi\/index.php?rest_route=\/wp\/v2\/types\/page"}],"author":[{"embeddable":true,"href":"https:\/\/kaarinanristiritarit.fi\/index.php?rest_route=\/wp\/v2\/users\/1"}],"replies":[{"embeddable":true,"href":"https:\/\/kaarinanristiritarit.fi\/index.php?rest_route=%2Fwp%2Fv2%2Fcomments&post=2"}],"version-history":[{"count":8,"href":"https:\/\/kaarinanristiritarit.fi\/index.php?rest_route=\/wp\/v2\/pages\/2\/revisions"}],"predecessor-version":[{"id":149,"href":"https:\/\/kaarinanristiritarit.fi\/index.php?rest_route=\/wp\/v2\/pages\/2\/revisions\/149"}],"wp:attachment":[{"href":"https:\/\/kaarinanristiritarit.fi\/index.php?rest_route=%2Fwp%2Fv2%2Fmedia&parent=2"}],"curies":[{"name":"wp","href":"https:\/\/api.w.org\/{rel}","templated":true}]}}