{"id":123,"date":"2026-03-16T17:01:21","date_gmt":"2026-03-16T17:01:21","guid":{"rendered":"https:\/\/kaarinanristiritarit.fi\/?page_id=123"},"modified":"2026-03-16T17:02:52","modified_gmt":"2026-03-16T17:02:52","slug":"yhteystiedot","status":"publish","type":"page","link":"https:\/\/kaarinanristiritarit.fi\/?page_id=123","title":{"rendered":"Yhteystiedot"},"content":{"rendered":"<h3>Kaarinan Ristiritarit<\/h3>\n<p class=\"lead\">Kaarinan Ristiritarit on Turun Nummenpakalla sek\u00e4 Hannunniitussa toimiva partiopoikalippukunta. Meit\u00e4 on yksi sudenpentulauma, kolme seikkailijajoukkuetta, kolme tarpojavartiota, yksi samoajavartio ja yksi vaeltajaryhm\u00e4 sek\u00e4 iso joukko enemm\u00e4n tai v\u00e4hemm\u00e4n aktiivisia johtajia. Lippukunnassa on 160 j\u00e4sent\u00e4 (tammikuu 2023). Lippukunnan j\u00e4senten keski-ik\u00e4 on 25 vuotta.<\/p>\n<p class=\"lead\">Lippukunnanjohtaja<br \/>\nJuho N\u00e4s\u00e4nen<br \/>\n045 2703202<br \/>\nlpkj@kaarinanristiritarit.fi<\/p>\n<p>Lippukunnan sihteeri, rahastonhoitaja ja j\u00e4senrekisterinhoitaja<br \/>\nMikko \u201dGene\u201d Lehtinen<br \/>\nsihteeri@kaarinanristiritarit.fi<\/p>\n<p>Papinkatu 2, 20540 Turku<\/p>\n","protected":false},"excerpt":{"rendered":"<p>Kaarinan Ristiritarit Kaarinan Ristiritarit on Turun Nummenpakalla sek\u00e4 Hannunniitussa toimiva partiopoikalippukunta. Meit\u00e4 on yksi sudenpentulauma, kolme seikkailijajoukkuetta, kolme tarpojavartiota, yksi samoajavartio ja yksi vaeltajaryhm\u00e4 sek\u00e4 iso joukko enemm\u00e4n tai v\u00e4hemm\u00e4n aktiivisia johtajia. Lippukunnassa on 160 j\u00e4sent\u00e4 (tammikuu 2023). Lippukunnan j\u00e4senten keski-ik\u00e4 on 25 vuotta. Lippukunnanjohtaja Juho N\u00e4s\u00e4nen 045 2703202 lpkj@kaarinanristiritarit.fi Lippukunnan sihteeri, rahastonhoitaja ja j\u00e4senrekisterinhoitaja [&hellip;]<\/p>\n","protected":false},"author":1,"featured_media":0,"parent":0,"menu_order":0,"comment_status":"closed","ping_status":"closed","template":"","meta":{"footnotes":""},"class_list":["post-123","page","type-page","status-publish","hentry"],"_links":{"self":[{"href":"https:\/\/kaarinanristiritarit.fi\/index.php?rest_route=\/wp\/v2\/pages\/123","targetHints":{"allow":["GET"]}}],"collection":[{"href":"https:\/\/kaarinanristiritarit.fi\/index.php?rest_route=\/wp\/v2\/pages"}],"about":[{"href":"https:\/\/kaarinanristiritarit.fi\/index.php?rest_route=\/wp\/v2\/types\/page"}],"author":[{"embeddable":true,"href":"https:\/\/kaarinanristiritarit.fi\/index.php?rest_route=\/wp\/v2\/users\/1"}],"replies":[{"embeddable":true,"href":"https:\/\/kaarinanristiritarit.fi\/index.php?rest_route=%2Fwp%2Fv2%2Fcomments&post=123"}],"version-history":[{"count":3,"href":"https:\/\/kaarinanristiritarit.fi\/index.php?rest_route=\/wp\/v2\/pages\/123\/revisions"}],"predecessor-version":[{"id":127,"href":"https:\/\/kaarinanristiritarit.fi\/index.php?rest_route=\/wp\/v2\/pages\/123\/revisions\/127"}],"wp:attachment":[{"href":"https:\/\/kaarinanristiritarit.fi\/index.php?rest_route=%2Fwp%2Fv2%2Fmedia&parent=123"}],"curies":[{"name":"wp","href":"https:\/\/api.w.org\/{rel}","templated":true}]}}