{"id":116,"date":"2026-03-16T16:52:11","date_gmt":"2026-03-16T16:52:11","guid":{"rendered":"https:\/\/kaarinanristiritarit.fi\/?page_id=116"},"modified":"2026-03-16T17:00:23","modified_gmt":"2026-03-16T17:00:23","slug":"toimintaryhmat","status":"publish","type":"page","link":"https:\/\/kaarinanristiritarit.fi\/?page_id=116","title":{"rendered":"Toimintaryhm\u00e4t"},"content":{"rendered":"<h2>Sudenpennut<\/h2>\n<p>Sudenpennut ovat 7-9 vuotiaita pieni\u00e4 partiolaisia. Sudenpentujen kokoontumisryhm\u00e4\u00e4 kutsutaan laumaksi jota johtaa teht\u00e4v\u00e4\u00e4n koulutetut aikuiset, Akelat. Akeloiden apuna meill\u00e4 on usein nuoria apujohtajia. Sudenpennut suorittavat aktiviteettein\u00e4\u00e4n j\u00e4lki\u00e4 ja askeleita.<\/p>\n<h3>Saukot<\/h3>\n<p>2018 syntyneet, syksyll\u00e4 2025 aloittaneet<br \/>\nKokous Nummen kololla maanantaisin 17.30-18.30<br \/>\nAkelat: Nemi Toivonen, Eemil Huttunen, Sanna Myllym\u00e4ki<\/p>\n<h3>Karhut<\/h3>\n<p>2016 ja 2017 syntyneet, syksyll\u00e4 2023 aloittaneet<br \/>\nKokous Nummen kololla tiistaisin 17.30-18.30<br \/>\nAkelat: Maarit Karonen ja Sakari Warro.<br \/>\nApujohtajat: V\u00e4in\u00f6 Helin, Niilo Lehtinen, Julius Schwela, Tuomas Taustila<\/p>\n<p>(siirtyy pian seikkailijoiksi)<\/p>\n<p>&nbsp;<\/p>\n<h2>Seikkailijat<\/h2>\n<p>Seikkailijat ovat 10-12 vuotiaita partiolaisia. Seikkailijoiden kokoontumisryhm\u00e4\u00e4 kutsutaan vartioksi, jota johtaa teht\u00e4v\u00e4\u00e4n koulutetut aikuiset, sammot. Sampojen apuna meill\u00e4 on usein nuoria apujohtajia. Seikkailijat suorittavat aktiviteettein\u00e4\u00e4n ilmansuuntia ja haasteita.<\/p>\n<h3>Susi<\/h3>\n<p>2014 ja 2015 syntyneet, syksyll\u00e4 2021 ja 2022 aloittaneet<br \/>\nKokous Nummen kololla tiistaisin 17.30-18.30<br \/>\nSammot: Erkka Tutti, Henriikka Lang\u00e9n.<br \/>\nApujohtajat: Lilli Markkula, Kaapo Kujala<\/p>\n<p>&nbsp;<\/p>\n<h2>Tarpojat<\/h2>\n<p>Tarpojat ovat 12-15 vuotiaita partiolaisia. Tarpojien kokoontumisryhm\u00e4\u00e4 kutsutaan vartioksi, jota johtaa teht\u00e4v\u00e4\u00e4n koulutetut aikuiset, tarpojaluotsit. Tarpojaluotsien apuna meill\u00e4 on usein nuoria apujohtajia. Tarpojat suorittavat tarppoja ja pausseja.<\/p>\n<h3>Korppi<\/h3>\n<p>2012 ja 2013 syntyneet, syksyll\u00e4 2019 ja 2020 aloittaneet<br \/>\nKokous Nummen kololla keskiviikkoisin 18.30-19.30<br \/>\nTarpojaluotsit: Johanna Ollila (Nasu)<br \/>\nApujohtajat: Santtu Lindfors, Aaron Airas, Kasper Lind\u00e9n<\/p>\n<h3>Ahma<\/h3>\n<p>2011 syntyneet, syksyll\u00e4 2018 aloittaneet<br \/>\nKokous Nummen kololla vuoroviikoin keskiviikkoisin ja torstaisin 18.30-19.30<br \/>\nTarpojaluotsit: Perttu Helin<\/p>\n<p>&nbsp;<\/p>\n<h2>Samoajat<\/h2>\n<p>Samoajat ovat 15-17 vuotiaita partiolaisia. Samoajien kokoontumisryhm\u00e4\u00e4 kutsutaan vartioksi, jota johtaa teht\u00e4v\u00e4\u00e4n koulutetut aikuiset, samoajaluotsit. Samoajat harjoittelevat my\u00f6s vertaisjohtajuutta, eli vet\u00e4v\u00e4t kokouksia itse toisilleen, t\u00e4ll\u00f6in samoajaluotsit toimivat aikuisena tukena samoajille. Samoajat suorittavat taskuja.<\/p>\n<h3>Musta Lilja<\/h3>\n<p>2009 syntyneet, syksyll\u00e4 2016 aloittaneet<br \/>\nKokous Nummen kololla torstaisin 18.00-19.00<br \/>\nSamoajaluotsit: Nemi Toivonen, Mikko Kairas<\/p>\n<h3>P\u00f6ll\u00f6<\/h3>\n<p>2008 syntyneet, syksyll\u00e4 2015 aloittaneet<br \/>\nKokous Nummen kololla maanantaisin 17.30-18.30<br \/>\nSamoajaluotsit: Mikko Lindfors<\/p>\n<p>(siirtyy pian vaeltajiksi)<\/p>\n<p>&nbsp;<\/p>\n<h2>Vaeltajat<\/h2>\n<p>Vaeltajat ovat 18-25 vuotiaita partiolaisia. Vaeltajien kokoontumisryhm\u00e4\u00e4 kutsutaan vartioksi. Vaeltajilla on yleens\u00e4 vain aikuinentuki, meill\u00e4 on my\u00f6s vaeltajaluotseja. Vaeltaja ohjelma on joustavaa joten se sopii erilaisiin el\u00e4m\u00e4ntilanteisiin.<\/p>\n<h3>Lokki<\/h3>\n<p>2003 ja 2004 syntyneet<br \/>\nKokous Nummen kololla silloin t\u00e4ll\u00f6in<br \/>\nVaeltajaluotsi\/aikuinen tuki: Mikko Lindfors<\/p>\n<p>&nbsp;<\/p>\n<h2>Aikuiset<\/h2>\n<p>Aikuiset ovat yli 25-vuotiaita partiolaisia. Aikuiset vet\u00e4v\u00e4t itselleen itsen\u00e4isesti vapaaehtoista toimintaa. Aikuiset usein k\u00e4ytt\u00e4v\u00e4t toimintansa kouluttautuessa ja johtaessa nuorempia partiolaisia.<\/p>\n<h3>Lumikko<\/h3>\n<p>Kokous Nummen kololla n. kerran kuussa<\/p>\n","protected":false},"excerpt":{"rendered":"<p>Sudenpennut Sudenpennut ovat 7-9 vuotiaita pieni\u00e4 partiolaisia. Sudenpentujen kokoontumisryhm\u00e4\u00e4 kutsutaan laumaksi jota johtaa teht\u00e4v\u00e4\u00e4n koulutetut aikuiset, Akelat. Akeloiden apuna meill\u00e4 on usein nuoria apujohtajia. Sudenpennut suorittavat aktiviteettein\u00e4\u00e4n j\u00e4lki\u00e4 ja askeleita. Saukot 2018 syntyneet, syksyll\u00e4 2025 aloittaneet Kokous Nummen kololla maanantaisin 17.30-18.30 Akelat: Nemi Toivonen, Eemil Huttunen, Sanna Myllym\u00e4ki Karhut 2016 ja 2017 syntyneet, syksyll\u00e4 2023 [&hellip;]<\/p>\n","protected":false},"author":1,"featured_media":0,"parent":0,"menu_order":0,"comment_status":"closed","ping_status":"closed","template":"","meta":{"footnotes":""},"class_list":["post-116","page","type-page","status-publish","hentry"],"_links":{"self":[{"href":"https:\/\/kaarinanristiritarit.fi\/index.php?rest_route=\/wp\/v2\/pages\/116","targetHints":{"allow":["GET"]}}],"collection":[{"href":"https:\/\/kaarinanristiritarit.fi\/index.php?rest_route=\/wp\/v2\/pages"}],"about":[{"href":"https:\/\/kaarinanristiritarit.fi\/index.php?rest_route=\/wp\/v2\/types\/page"}],"author":[{"embeddable":true,"href":"https:\/\/kaarinanristiritarit.fi\/index.php?rest_route=\/wp\/v2\/users\/1"}],"replies":[{"embeddable":true,"href":"https:\/\/kaarinanristiritarit.fi\/index.php?rest_route=%2Fwp%2Fv2%2Fcomments&post=116"}],"version-history":[{"count":4,"href":"https:\/\/kaarinanristiritarit.fi\/index.php?rest_route=\/wp\/v2\/pages\/116\/revisions"}],"predecessor-version":[{"id":122,"href":"https:\/\/kaarinanristiritarit.fi\/index.php?rest_route=\/wp\/v2\/pages\/116\/revisions\/122"}],"wp:attachment":[{"href":"https:\/\/kaarinanristiritarit.fi\/index.php?rest_route=%2Fwp%2Fv2%2Fmedia&parent=116"}],"curies":[{"name":"wp","href":"https:\/\/api.w.org\/{rel}","templated":true}]}}